{"id":82,"date":"2022-10-31T13:00:48","date_gmt":"2022-10-31T12:00:48","guid":{"rendered":"https:\/\/syndicatdermatos.org\/rdv\/?page_id=82"},"modified":"2026-01-23T16:36:51","modified_gmt":"2026-01-23T15:36:51","slug":"les-rencontres-de-la-dermatologie-venereologie","status":"publish","type":"page","link":"https:\/\/syndicatdermatos.org\/rdv\/","title":{"rendered":"Front Page"},"content":{"rendered":"","protected":false},"excerpt":{"rendered":"","protected":false},"author":1,"featured_media":1490,"parent":0,"menu_order":0,"comment_status":"closed","ping_status":"closed","template":"","meta":{"_acf_changed":false,"inline_featured_image":false,"footnotes":""},"class_list":["post-82","page","type-page","status-publish","has-post-thumbnail","hentry"],"acf":[],"yoast_head":"<!-- This site is optimized with the Yoast SEO plugin v26.0 - https:\/\/yoast.com\/wordpress\/plugins\/seo\/ -->\n<title>LES RENCONTRES DE LA DERMATOLOGIE-V\u00c9N\u00c9R\u00c9OLOGIE<\/title>\n<meta name=\"description\" content=\"Organis\u00e9es par le Syndicat National des Dermatologues-V\u00e9n\u00e9r\u00e9ologues les 29 &amp; 30 janvier \u00e0 Paris\" \/>\n<meta name=\"robots\" content=\"index, follow, max-snippet:-1, max-image-preview:large, max-video-preview:-1\" \/>\n<link rel=\"canonical\" href=\"https:\/\/syndicatdermatos.org\/rdv\/\" \/>\n<meta property=\"og:locale\" content=\"fr_FR\" \/>\n<meta property=\"og:type\" content=\"article\" \/>\n<meta property=\"og:title\" content=\"LES RENCONTRES DE LA DERMATOLOGIE-V\u00c9N\u00c9R\u00c9OLOGIE\" \/>\n<meta property=\"og:description\" content=\"Organis\u00e9es par le Syndicat National des Dermatologues-V\u00e9n\u00e9r\u00e9ologues les 29 &amp; 30 janvier \u00e0 Paris\" \/>\n<meta property=\"og:url\" content=\"https:\/\/syndicatdermatos.org\/rdv\/\" \/>\n<meta property=\"og:site_name\" content=\"RDV\" \/>\n<meta property=\"article:modified_time\" content=\"2026-01-23T15:36:51+00:00\" \/>\n<meta property=\"og:image\" content=\"https:\/\/syndicatdermatos.org\/rdv\/wp-content\/uploads\/2025\/07\/logo-rdv-2026.png\" \/>\n\t<meta property=\"og:image:width\" content=\"1125\" \/>\n\t<meta property=\"og:image:height\" content=\"1125\" \/>\n\t<meta property=\"og:image:type\" content=\"image\/png\" \/>\n<meta name=\"twitter:card\" content=\"summary_large_image\" \/>\n<meta name=\"twitter:label1\" content=\"Dur\u00e9e de lecture estim\u00e9e\" \/>\n\t<meta name=\"twitter:data1\" content=\"1 minute\" \/>\n<script type=\"application\/ld+json\" class=\"yoast-schema-graph\">{\"@context\":\"https:\/\/schema.org\",\"@graph\":[{\"@type\":\"WebPage\",\"@id\":\"https:\/\/syndicatdermatos.org\/rdv\/\",\"url\":\"https:\/\/syndicatdermatos.org\/rdv\/\",\"name\":\"LES RENCONTRES DE LA DERMATOLOGIE-V\u00c9N\u00c9R\u00c9OLOGIE\",\"isPartOf\":{\"@id\":\"https:\/\/syndicatdermatos.org\/rdv\/#website\"},\"primaryImageOfPage\":{\"@id\":\"https:\/\/syndicatdermatos.org\/rdv\/#primaryimage\"},\"image\":{\"@id\":\"https:\/\/syndicatdermatos.org\/rdv\/#primaryimage\"},\"thumbnailUrl\":\"https:\/\/syndicatdermatos.org\/rdv\/wp-content\/uploads\/2025\/07\/logo-rdv-2026.png\",\"datePublished\":\"2022-10-31T12:00:48+00:00\",\"dateModified\":\"2026-01-23T15:36:51+00:00\",\"description\":\"Organis\u00e9es par le Syndicat National des Dermatologues-V\u00e9n\u00e9r\u00e9ologues les 29 & 30 janvier \u00e0 Paris\",\"breadcrumb\":{\"@id\":\"https:\/\/syndicatdermatos.org\/rdv\/#breadcrumb\"},\"inLanguage\":\"fr-FR\",\"potentialAction\":[{\"@type\":\"ReadAction\",\"target\":[\"https:\/\/syndicatdermatos.org\/rdv\/\"]}]},{\"@type\":\"ImageObject\",\"inLanguage\":\"fr-FR\",\"@id\":\"https:\/\/syndicatdermatos.org\/rdv\/#primaryimage\",\"url\":\"https:\/\/syndicatdermatos.org\/rdv\/wp-content\/uploads\/2025\/07\/logo-rdv-2026.png\",\"contentUrl\":\"https:\/\/syndicatdermatos.org\/rdv\/wp-content\/uploads\/2025\/07\/logo-rdv-2026.png\",\"width\":1125,\"height\":1125},{\"@type\":\"BreadcrumbList\",\"@id\":\"https:\/\/syndicatdermatos.org\/rdv\/#breadcrumb\",\"itemListElement\":[{\"@type\":\"ListItem\",\"position\":1,\"name\":\"Accueil\",\"item\":\"https:\/\/syndicatdermatos.org\/rdv\/\"},{\"@type\":\"ListItem\",\"position\":2,\"name\":\"Front Page\"}]},{\"@type\":\"WebSite\",\"@id\":\"https:\/\/syndicatdermatos.org\/rdv\/#website\",\"url\":\"https:\/\/syndicatdermatos.org\/rdv\/\",\"name\":\"RDV\",\"description\":\"\",\"potentialAction\":[{\"@type\":\"SearchAction\",\"target\":{\"@type\":\"EntryPoint\",\"urlTemplate\":\"https:\/\/syndicatdermatos.org\/rdv\/?s={search_term_string}\"},\"query-input\":{\"@type\":\"PropertyValueSpecification\",\"valueRequired\":true,\"valueName\":\"search_term_string\"}}],\"inLanguage\":\"fr-FR\"}]}<\/script>\n<!-- \/ Yoast SEO plugin. -->","yoast_head_json":{"title":"LES RENCONTRES DE LA DERMATOLOGIE-V\u00c9N\u00c9R\u00c9OLOGIE","description":"Organis\u00e9es par le Syndicat National des Dermatologues-V\u00e9n\u00e9r\u00e9ologues les 29 & 30 janvier \u00e0 Paris","robots":{"index":"index","follow":"follow","max-snippet":"max-snippet:-1","max-image-preview":"max-image-preview:large","max-video-preview":"max-video-preview:-1"},"canonical":"https:\/\/syndicatdermatos.org\/rdv\/","og_locale":"fr_FR","og_type":"article","og_title":"LES RENCONTRES DE LA DERMATOLOGIE-V\u00c9N\u00c9R\u00c9OLOGIE","og_description":"Organis\u00e9es par le Syndicat National des Dermatologues-V\u00e9n\u00e9r\u00e9ologues les 29 & 30 janvier \u00e0 Paris","og_url":"https:\/\/syndicatdermatos.org\/rdv\/","og_site_name":"RDV","article_modified_time":"2026-01-23T15:36:51+00:00","og_image":[{"width":1125,"height":1125,"url":"https:\/\/syndicatdermatos.org\/rdv\/wp-content\/uploads\/2025\/07\/logo-rdv-2026.png","type":"image\/png"}],"twitter_card":"summary_large_image","twitter_misc":{"Dur\u00e9e de lecture estim\u00e9e":"1 minute"},"schema":{"@context":"https:\/\/schema.org","@graph":[{"@type":"WebPage","@id":"https:\/\/syndicatdermatos.org\/rdv\/","url":"https:\/\/syndicatdermatos.org\/rdv\/","name":"LES RENCONTRES DE LA DERMATOLOGIE-V\u00c9N\u00c9R\u00c9OLOGIE","isPartOf":{"@id":"https:\/\/syndicatdermatos.org\/rdv\/#website"},"primaryImageOfPage":{"@id":"https:\/\/syndicatdermatos.org\/rdv\/#primaryimage"},"image":{"@id":"https:\/\/syndicatdermatos.org\/rdv\/#primaryimage"},"thumbnailUrl":"https:\/\/syndicatdermatos.org\/rdv\/wp-content\/uploads\/2025\/07\/logo-rdv-2026.png","datePublished":"2022-10-31T12:00:48+00:00","dateModified":"2026-01-23T15:36:51+00:00","description":"Organis\u00e9es par le Syndicat National des Dermatologues-V\u00e9n\u00e9r\u00e9ologues les 29 & 30 janvier \u00e0 Paris","breadcrumb":{"@id":"https:\/\/syndicatdermatos.org\/rdv\/#breadcrumb"},"inLanguage":"fr-FR","potentialAction":[{"@type":"ReadAction","target":["https:\/\/syndicatdermatos.org\/rdv\/"]}]},{"@type":"ImageObject","inLanguage":"fr-FR","@id":"https:\/\/syndicatdermatos.org\/rdv\/#primaryimage","url":"https:\/\/syndicatdermatos.org\/rdv\/wp-content\/uploads\/2025\/07\/logo-rdv-2026.png","contentUrl":"https:\/\/syndicatdermatos.org\/rdv\/wp-content\/uploads\/2025\/07\/logo-rdv-2026.png","width":1125,"height":1125},{"@type":"BreadcrumbList","@id":"https:\/\/syndicatdermatos.org\/rdv\/#breadcrumb","itemListElement":[{"@type":"ListItem","position":1,"name":"Accueil","item":"https:\/\/syndicatdermatos.org\/rdv\/"},{"@type":"ListItem","position":2,"name":"Front Page"}]},{"@type":"WebSite","@id":"https:\/\/syndicatdermatos.org\/rdv\/#website","url":"https:\/\/syndicatdermatos.org\/rdv\/","name":"RDV","description":"","potentialAction":[{"@type":"SearchAction","target":{"@type":"EntryPoint","urlTemplate":"https:\/\/syndicatdermatos.org\/rdv\/?s={search_term_string}"},"query-input":{"@type":"PropertyValueSpecification","valueRequired":true,"valueName":"search_term_string"}}],"inLanguage":"fr-FR"}]}},"_links":{"self":[{"href":"https:\/\/syndicatdermatos.org\/rdv\/wp-json\/wp\/v2\/pages\/82","targetHints":{"allow":["GET"]}}],"collection":[{"href":"https:\/\/syndicatdermatos.org\/rdv\/wp-json\/wp\/v2\/pages"}],"about":[{"href":"https:\/\/syndicatdermatos.org\/rdv\/wp-json\/wp\/v2\/types\/page"}],"author":[{"embeddable":true,"href":"https:\/\/syndicatdermatos.org\/rdv\/wp-json\/wp\/v2\/users\/1"}],"replies":[{"embeddable":true,"href":"https:\/\/syndicatdermatos.org\/rdv\/wp-json\/wp\/v2\/comments?post=82"}],"version-history":[{"count":175,"href":"https:\/\/syndicatdermatos.org\/rdv\/wp-json\/wp\/v2\/pages\/82\/revisions"}],"predecessor-version":[{"id":1938,"href":"https:\/\/syndicatdermatos.org\/rdv\/wp-json\/wp\/v2\/pages\/82\/revisions\/1938"}],"wp:featuredmedia":[{"embeddable":true,"href":"https:\/\/syndicatdermatos.org\/rdv\/wp-json\/wp\/v2\/media\/1490"}],"wp:attachment":[{"href":"https:\/\/syndicatdermatos.org\/rdv\/wp-json\/wp\/v2\/media?parent=82"}],"curies":[{"name":"wp","href":"https:\/\/api.w.org\/{rel}","templated":true}]}}